{"id":7,"date":"2021-11-22T14:40:13","date_gmt":"2021-11-22T14:40:13","guid":{"rendered":"https:\/\/mediaboss.fr\/?page_id=7"},"modified":"2023-02-21T10:31:16","modified_gmt":"2023-02-21T08:31:16","slug":"a-propos","status":"publish","type":"page","link":"https:\/\/mediaboss.fr\/es\/a-propos\/","title":{"rendered":"Sobre nosotros"},"content":{"rendered":"<div style=\"margin-top: 0px; margin-bottom: 0px;\" class=\"sharethis-inline-share-buttons\" ><\/div><p>[et_pb_section fb_built=\u00a0\u00bb1&Prime; _builder_version=\u00a0\u00bb4.16&Prime; _module_preset=\u00a0\u00bbdefault\u00a0\u00bb global_colors_info=\u00a0\u00bb{}\u00a0\u00bb][et_pb_row column_structure=\u00a0\u00bb3_4,1_4&Prime; _builder_version=\u00a0\u00bb4.16&Prime; _module_preset=\u00a0\u00bbdefault\u00a0\u00bb global_colors_info=\u00a0\u00bb{}\u00a0\u00bb][et_pb_column type=\u00a0\u00bb3_4&Prime; _builder_version=\u00a0\u00bb4.16&Prime; _module_preset=\u00a0\u00bbdefault\u00a0\u00bb global_colors_info=\u00a0\u00bb{}\u00a0\u00bb][et_pb_text _builder_version=\u00a0\u00bb4.16&Prime; _module_preset=\u00a0\u00bbdefault\u00a0\u00bb global_colors_info=\u00a0\u00bb{}\u00a0\u00bb]<\/p>\n<h1>A propos de Mediaboss<\/h1>\n<p>&nbsp;<\/p>\n<h2>Qui sommes-nous<\/h2>\n<p>Mediaboss est le site de r\u00e9f\u00e9rence en\u00a0 <strong>social media, r\u00e9seaux sociaux et investissement financier<\/strong> en 2022.<\/p>\n<p>Vous pouvez avoir pleinement confiance dans l&rsquo;ensemble des contenus produits : guides, astuces, tutoriels&#8230;<\/p>\n<p>Nous d\u00e9veloppons la plus grande librairie possible de contenus sur :<\/p>\n<ul>\n<li>les r\u00e9seaux sociaux : <a href=\"https:\/\/mediaboss.fr\/reseaux-sociaux\/facebook\/\">Facebook<\/a>, <a href=\"https:\/\/mediaboss.fr\/reseaux-sociaux\/tiktok\/\">Tiktok<\/a>, <a href=\"https:\/\/mediaboss.fr\/reseaux-sociaux\/instagram\/\">Instagram<\/a>, <a href=\"https:\/\/mediaboss.fr\/reseaux-sociaux\/snapchat\/\">Snapchat<\/a>, Twitter, Linkedin&#8230;<\/li>\n<li>les messageries instantan\u00e9es : Messenger, Discord, WhatsApp, Slack&#8230;<\/li>\n<li>la vid\u00e9o : Youtube, <a href=\"https:\/\/mediaboss.fr\/vimeo\/\">Vim\u00e9o<\/a>&#8230;<\/li>\n<li>l&rsquo;investissement : finance, <a href=\"https:\/\/mediaboss.fr\/cryptomonnaie\/\">cryptomonnaies<\/a>, NFT&#8230;<\/li>\n<\/ul>\n<p>Nos contenus respectent parfaitement les instructions de Google en mati\u00e8re de r\u00e9daction web et d&rsquo;optimisation de l&rsquo;exp\u00e9rience utilisateur.<\/p>\n<p>Le site a \u00e9t\u00e9 lanc\u00e9 en novembre 2021 et a pour objectif de devenir la r\u00e9f\u00e9rence francophone en mati\u00e8re de social media, r\u00e9seaux sociaux et finance.<\/p>\n<p>&nbsp;<\/p>\n<h2>Nos r\u00e9dacteurs<\/h2>\n<p>[\/et_pb_text][et_pb_team_member image_url=\u00a0\u00bbhttps:\/\/mediaboss.fr\/wp-content\/uploads\/alice-seguin-230x230px-150&#215;150.jpg\u00a0\u00bb facebook_url=\u00a0\u00bbhttps:\/\/www.facebook.com\/mediaboss.fr\u00a0\u00bb twitter_url=\u00a0\u00bbhttps:\/\/twitter.com\/Alice98327791&Prime; linkedin_url=\u00a0\u00bbwww.linkedin.com\/in\/alice-seguin\u00a0\u00bb image_url_last_edited=\u00a0\u00bboff|phone\u00a0\u00bb _builder_version=\u00a0\u00bb4.19.5&Prime; _module_preset=\u00a0\u00bbdefault\u00a0\u00bb child_filter_saturate=\u00a0\u00bb0%\u00a0\u00bb hover_enabled=\u00a0\u00bb0&Prime; border_radii_image=\u00a0\u00bbon|0%|0%|0%|0%\u00a0\u00bb global_module=\u00a0\u00bb91&Prime; saved_tabs=\u00a0\u00bball\u00a0\u00bb global_colors_info=\u00a0\u00bb{}\u00a0\u00bb sticky_enabled=\u00a0\u00bb0&Prime;]<\/p>\n<p><strong>Alice SEGUIN<\/strong><\/p>\n<p>Alice est la fondatrice de <a title=\"Mediaboss\" href=\"\/\">Mediaboss<\/a>.<\/p>\n<p>Passionn\u00e9e par les <a title=\"r\u00e9seaux sociaux\" href=\"\/reseaux-sociaux\/\">r\u00e9seaux sociaux<\/a>, elle accompagne de nombreuses entreprises dans leur strat\u00e9gie social media, messageries instantan\u00e9es, investissement, cryptomonnaies\u2026<\/p>\n<p>Retrouvez-moi sur mes r\u00e9seaux sociaux, le compte <a href=\"https:\/\/mediaboss.substack.com\/\" target=\"_blank\" rel=\"noopener\" title=\"Substack de Mediaboss\">Substack de Mediaboss<\/a> et sur <a href=\"https:\/\/www.pinterest.fr\/mediabossfr\/\" target=\"_blank\" rel=\"noopener\" title=\"Mediaboss compte Pinterest\">Pinterest<\/a> :<\/p>\n<p>[\/et_pb_team_member][et_pb_text _builder_version=\u00a0\u00bb4.16&Prime; _module_preset=\u00a0\u00bbdefault\u00a0\u00bb global_colors_info=\u00a0\u00bb{}\u00a0\u00bb]<\/p>\n<h2>Ligne \u00e9ditoriale<\/h2>\n<p>Chaque article sur Mediaboss fait l&rsquo;objet de recherches approfondies (articles, sites internet, livres, forums&#8230;) et de tests en situation r\u00e9elle.<\/p>\n<p>Mediaboss est totalement ind\u00e9pendant et ne d\u00e9pend d&rsquo;aucun groupe ou soci\u00e9t\u00e9 priv\u00e9s.<\/p>\n<p>Chaque article est r\u00e9guli\u00e8rement corrig\u00e9, r\u00e9actualis\u00e9 et mis \u00e0 jour selon les modifications des diff\u00e9rents r\u00e9seaux sociaux et application test\u00e9s.<\/p>\n<p>Cependant si vous trouvez des erreurs ou coquilles sur un contenu, ou si vous avez un retour \u00e0 nous faire, vous pouvez \u00e9crire un email \u00e0 <a href=\"mailto:contact@mediaboss.fr\">contact@mediaboss.fr<\/a> .<\/p>\n<p>Vous serez accueilli avec chaleur !<\/p>\n<p>Alice\u00a0<\/p>\n<p>[\/et_pb_text][et_pb_blog fullwidth=\u00a0\u00bboff\u00a0\u00bb posts_number=\u00a0\u00bb4&Prime; include_categories=\u00a0\u00bb14,all\u00a0\u00bb use_manual_excerpt=\u00a0\u00bboff\u00a0\u00bb excerpt_length=\u00a0\u00bb0&Prime; show_author=\u00a0\u00bboff\u00a0\u00bb show_date=\u00a0\u00bboff\u00a0\u00bb show_excerpt=\u00a0\u00bboff\u00a0\u00bb show_pagination=\u00a0\u00bboff\u00a0\u00bb _builder_version=\u00a0\u00bb4.15.1&Prime; _module_preset=\u00a0\u00bbdefault\u00a0\u00bb header_level=\u00a0\u00bbh5&Prime; body_font_size=\u00a0\u00bb16px\u00a0\u00bb meta_font_size=\u00a0\u00bb16px\u00a0\u00bb read_more_font_size=\u00a0\u00bb16px\u00a0\u00bb global_module=\u00a0\u00bb1223&Prime; global_colors_info=\u00a0\u00bb{}\u00a0\u00bb meta_font_size__hover_enabled=\u00a0\u00bboff|desktop\u00a0\u00bb][\/et_pb_blog][\/et_pb_column][et_pb_column type=\u00a0\u00bb1_4&Prime; _builder_version=\u00a0\u00bb4.16&Prime; _module_preset=\u00a0\u00bbdefault\u00a0\u00bb global_colors_info=\u00a0\u00bb{}\u00a0\u00bb][et_pb_sidebar _builder_version=\u00a0\u00bb4.16&Prime; _module_preset=\u00a0\u00bbdefault\u00a0\u00bb global_colors_info=\u00a0\u00bb{}\u00a0\u00bb][\/et_pb_sidebar][\/et_pb_column][\/et_pb_row][\/et_pb_section]<\/p>\n<div style=\"margin-top: 0px; margin-bottom: 0px;\" class=\"sharethis-inline-share-buttons\" ><\/div>","protected":false},"excerpt":{"rendered":"<p>A propos de Mediaboss &nbsp; Qui sommes-nous Mediaboss est le site de r\u00e9f\u00e9rence en\u00a0 social media, r\u00e9seaux sociaux et investissement financier en 2022. Vous pouvez avoir pleinement confiance dans l&rsquo;ensemble des contenus produits : guides, astuces, tutoriels&#8230; Nous d\u00e9veloppons la plus grande librairie possible de contenus sur : les r\u00e9seaux sociaux : Facebook, Tiktok, Instagram, [&hellip;]<\/p>\n","protected":false},"author":2,"featured_media":0,"parent":0,"menu_order":1,"comment_status":"closed","ping_status":"closed","template":"","meta":{"_seopress_robots_primary_cat":"","_seopress_titles_title":"","_seopress_titles_desc":"D\u00e9couvrez l&#039;histoire de Mediaboss votre expert des r\u00e9seaux sociaux (Facebook, Snapchat, TikTok, Instagram). Rencontrez nos r\u00e9dacteurs experts social media.","_seopress_robots_index":"","_et_pb_use_builder":"on","_et_pb_old_content":"","_et_gb_content_width":"","footnotes":""},"class_list":["post-7","page","type-page","status-publish","hentry"],"_links":{"self":[{"href":"https:\/\/mediaboss.fr\/es\/wp-json\/wp\/v2\/pages\/7","targetHints":{"allow":["GET"]}}],"collection":[{"href":"https:\/\/mediaboss.fr\/es\/wp-json\/wp\/v2\/pages"}],"about":[{"href":"https:\/\/mediaboss.fr\/es\/wp-json\/wp\/v2\/types\/page"}],"author":[{"embeddable":true,"href":"https:\/\/mediaboss.fr\/es\/wp-json\/wp\/v2\/users\/2"}],"replies":[{"embeddable":true,"href":"https:\/\/mediaboss.fr\/es\/wp-json\/wp\/v2\/comments?post=7"}],"version-history":[{"count":1,"href":"https:\/\/mediaboss.fr\/es\/wp-json\/wp\/v2\/pages\/7\/revisions"}],"predecessor-version":[{"id":14176,"href":"https:\/\/mediaboss.fr\/es\/wp-json\/wp\/v2\/pages\/7\/revisions\/14176"}],"wp:attachment":[{"href":"https:\/\/mediaboss.fr\/es\/wp-json\/wp\/v2\/media?parent=7"}],"curies":[{"name":"wp","href":"https:\/\/api.w.org\/{rel}","templated":true}]}}