{"id":3,"date":"2021-11-22T14:18:53","date_gmt":"2021-11-22T14:18:53","guid":{"rendered":"https:\/\/mediaboss.fr\/?page_id=3"},"modified":"2022-11-05T17:20:57","modified_gmt":"2022-11-05T15:20:57","slug":"politique-de-confidentialite","status":"publish","type":"page","link":"https:\/\/mediaboss.fr\/ja\/%e3%83%97%e3%83%a9%e3%82%a4%e3%83%90%e3%82%b7%e3%83%bc%e3%83%9d%e3%83%aa%e3%82%b7%e3%83%bc\/","title":{"rendered":"\u30d7\u30e9\u30a4\u30d0\u30b7\u30fc\u30dd\u30ea\u30b7\u30fc"},"content":{"rendered":"<div style=\"margin-top: 0px; margin-bottom: 0px;\" class=\"sharethis-inline-share-buttons\" ><\/div><p>[et_pb_section fb_built=\u00a0\u00bb1&Prime; _builder_version=\u00a0\u00bb4.16&Prime; _module_preset=\u00a0\u00bbdefault\u00a0\u00bb global_colors_info=\u00a0\u00bb{}\u00a0\u00bb][et_pb_row column_structure=\u00a0\u00bb3_4,1_4&Prime; _builder_version=\u00a0\u00bb4.16&Prime; _module_preset=\u00a0\u00bbdefault\u00a0\u00bb global_colors_info=\u00a0\u00bb{}\u00a0\u00bb][et_pb_column type=\u00a0\u00bb3_4&Prime; _builder_version=\u00a0\u00bb4.16&Prime; _module_preset=\u00a0\u00bbdefault\u00a0\u00bb global_colors_info=\u00a0\u00bb{}\u00a0\u00bb][et_pb_text _builder_version=\u00a0\u00bb4.19.0&Prime; _module_preset=\u00a0\u00bbdefault\u00a0\u00bb hover_enabled=\u00a0\u00bb0&Prime; global_colors_info=\u00a0\u00bb{}\u00a0\u00bb sticky_enabled=\u00a0\u00bb0&Prime;]<\/p>\n<h1>Politique de Confidentialit\u00e9<\/h1>\n<h2>Publicit\u00e9 programmatique Mediavine (Ver 1.1)<\/h2>\n<p>Le site Web travaille avec Mediavine pour g\u00e9rer la publicit\u00e9 bas\u00e9e sur les int\u00e9r\u00eats de tiers apparaissant sur le site Web. Mediavine diffuse du contenu et des publicit\u00e9s lorsque vous visitez le site Web, qui peuvent utiliser des cookies primaires et tiers. Un cookie est un petit fichier texte qui est envoy\u00e9 \u00e0 votre ordinateur ou \u00e0 votre appareil mobile (appel\u00e9 \u00ab\u00a0appareil\u00a0\u00bb dans la pr\u00e9sente politique) par le serveur Web afin qu&rsquo;un site Web puisse se souvenir de certaines informations concernant votre activit\u00e9 de navigation sur le site Web.<\/p>\n<p>Les cookies de premi\u00e8re partie sont cr\u00e9\u00e9s par le site web que vous visitez. Un cookie tiers est fr\u00e9quemment utilis\u00e9 dans la publicit\u00e9 comportementale et l&rsquo;analyse et est cr\u00e9\u00e9 par un domaine autre que le site web que vous visitez. Des cookies tiers, des balises, des pixels, des balises et d&rsquo;autres technologies similaires (collectivement, les \u00ab\u00a0balises\u00a0\u00bb) peuvent \u00eatre plac\u00e9s sur le site web pour surveiller l&rsquo;interaction avec le contenu publicitaire et pour cibler et optimiser la publicit\u00e9. Chaque navigateur Internet dispose d&rsquo;une fonctionnalit\u00e9 qui vous permet de bloquer \u00e0 la fois les premiers cookies et les cookies tiers et de vider le cache de votre navigateur. La fonction \u00ab\u00a0aide\u00a0\u00bb de la barre de menu de la plupart des navigateurs vous indiquera comment ne plus accepter de nouveaux cookies, comment recevoir une notification des nouveaux cookies, comment d\u00e9sactiver les cookies existants et comment vider le cache de votre navigateur. Pour plus d&rsquo;informations sur les cookies et la mani\u00e8re de les d\u00e9sactiver, vous pouvez consulter les informations sur le site <a href=\"https:\/\/www.allaboutcookies.org\/manage-cookies\/\" target=\"_blank\" rel=\"noreferrer noopener nofollow\">All About Cookies<\/a>.<\/p>\n<p>Sans cookies, il se peut que vous ne puissiez pas profiter pleinement du contenu et des fonctionnalit\u00e9s du site web. Veuillez noter que le fait de rejeter les cookies ne signifie pas que vous ne verrez plus de publicit\u00e9s lorsque vous visitez notre Site. Dans le cas o\u00f9 vous les refusez, vous continuerez \u00e0 voir des publicit\u00e9s non personnalis\u00e9es sur le Site.<\/p>\n<p>Le Site Web collecte les donn\u00e9es suivantes \u00e0 l&rsquo;aide d&rsquo;un cookie lors de la diffusion d&rsquo;annonces personnalis\u00e9es :<\/p>\n<ul>\n<li>Adresse IP<\/li>\n<li>Type de syst\u00e8me d&rsquo;exploitation<\/li>\n<li>Version du syst\u00e8me d&rsquo;exploitation<\/li>\n<li>Type d&rsquo;appareil<\/li>\n<li>Langue du site web<\/li>\n<li>Type de navigateur web<\/li>\n<li>Courriel (sous forme hach\u00e9e)<\/li>\n<\/ul>\n<p>Les partenaires de Mediavine (soci\u00e9t\u00e9s \u00e9num\u00e9r\u00e9es ci-dessous avec lesquelles Mediavine partage des donn\u00e9es) peuvent \u00e9galement utiliser ces donn\u00e9es pour \u00e9tablir un lien avec d&rsquo;autres informations sur les utilisateurs finaux que le partenaire a collect\u00e9es de mani\u00e8re ind\u00e9pendante afin de diffuser des publicit\u00e9s cibl\u00e9es. Les Partenaires Mediavine peuvent \u00e9galement collecter s\u00e9par\u00e9ment des donn\u00e9es sur les utilisateurs finaux \u00e0 partir d&rsquo;autres sources, telles que des ID publicitaires ou des pixels, et lier ces donn\u00e9es aux donn\u00e9es collect\u00e9es aupr\u00e8s des \u00e9diteurs Mediavine afin de fournir des publicit\u00e9s bas\u00e9es sur les int\u00e9r\u00eats \u00e0 travers votre exp\u00e9rience en ligne, y compris les appareils, les navigateurs et les apps. Ces donn\u00e9es comprennent des donn\u00e9es d&rsquo;utilisation, des informations sur les cookies, des informations sur les appareils, des informations sur les interactions entre les utilisateurs et les publicit\u00e9s et les sites Web, des donn\u00e9es de g\u00e9olocalisation, des donn\u00e9es sur le trafic et des informations sur la source de renvoi d&rsquo;un visiteur vers un site Web particulier. Mediavine Partners peut \u00e9galement cr\u00e9er des identifiants uniques pour cr\u00e9er des segments d&rsquo;audience, qui sont utilis\u00e9s pour fournir des publicit\u00e9s cibl\u00e9es.<\/p>\n<p>Si vous souhaitez obtenir de plus amples informations sur cette pratique et conna\u00eetre vos choix en mati\u00e8re d&rsquo;acceptation ou de refus de cette collecte de donn\u00e9es, veuillez consulter la page de refus de la <a href=\"https:\/\/thenai.org\/opt-out\/\" target=\"_blank\" rel=\"noreferrer noopener nofollow\">National Advertising Initiative opt out page<\/a>. Vous pouvez \u00e9galement consulter le site de la <a href=\"http:\/\/optout.aboutads.info\/#\/\" target=\"_blank\" rel=\"noreferrer noopener nofollow\">Digital Advertising Alliance website<\/a> et le site de la <a href=\"http:\/\/optout.networkadvertising.org\/#\" target=\"_blank\" rel=\"noreferrer noopener nofollow\">Network Advertising Initiative website<\/a> pour obtenir de plus amples informations sur la publicit\u00e9 cibl\u00e9e. Vous pouvez t\u00e9l\u00e9charger l&rsquo;application AppChoices \u00e0 l&rsquo;adresse <a href=\"https:\/\/youradchoices.com\/appchoices\" target=\"_blank\" rel=\"noreferrer noopener nofollow\">Digital Advertising Alliance\u2019s AppChoices app<\/a> pour vous d\u00e9sengager en relation avec les applications mobiles, ou utiliser les contr\u00f4les de la plateforme sur votre appareil mobile pour vous d\u00e9sengager.<\/p>\n<p>Pour obtenir des informations sp\u00e9cifiques sur Mediavine Partners, les donn\u00e9es que chacun d&rsquo;entre eux collecte et leurs politiques de collecte de donn\u00e9es et de confidentialit\u00e9, veuillez consulter <a href=\"https:\/\/www.mediavine.com\/ad-partners\/\" target=\"_blank\" rel=\"noreferrer noopener nofollow\">Mediavine Partners<\/a>.<\/p>\n<p>&nbsp;<\/p>\n<h4>Politique de confidentialit\u00e9<\/h4>\n<p>Le site web https:\/\/mediaboss.fr\/ est d\u00e9tenu par Mediaboss, qui est un contr\u00f4leur de donn\u00e9es de vos donn\u00e9es personnelles.<\/p>\n<p>Nous avons adopt\u00e9 cette politique de confidentialit\u00e9, qui d\u00e9termine la mani\u00e8re dont nous traitons les informations collect\u00e9es par https:\/\/mediaboss.fr\/, qui fournit \u00e9galement les raisons pour lesquelles nous devons collecter certaines donn\u00e9es personnelles vous concernant. Par cons\u00e9quent, vous devez lire cette politique de confidentialit\u00e9 avant d&rsquo;utiliser le site web de https:\/\/mediaboss.fr\/.<\/p>\n<p>Nous prenons soin de vos donn\u00e9es personnelles et nous nous engageons \u00e0 en garantir la confidentialit\u00e9 et la s\u00e9curit\u00e9.<\/p>\n<p>&nbsp;<\/p>\n<h4>Les informations personnelles que nous collectons :<\/h4>\n<p>Lorsque vous visitez le https:\/\/mediaboss.fr\/, nous recueillons automatiquement certaines informations sur votre appareil, notamment des informations sur votre navigateur web, votre adresse IP, votre fuseau horaire et certains des cookies install\u00e9s sur votre appareil. En outre, lorsque vous naviguez sur le site, nous recueillons des informations sur les pages web ou les produits individuels que vous consultez, sur les sites web ou les termes de recherche qui vous ont renvoy\u00e9 au site et sur la mani\u00e8re dont vous interagissez avec le site. Nous d\u00e9signons ces informations collect\u00e9es automatiquement par le terme \u00ab\u00a0informations sur les appareils\u00a0\u00bb. En outre, nous pourrions collecter les donn\u00e9es personnelles que vous nous fournissez (y compris, mais sans s&rsquo;y limiter, le nom, le pr\u00e9nom, l&rsquo;adresse, les informations de paiement, etc.) lors de l&rsquo;inscription afin de pouvoir ex\u00e9cuter le contrat.<\/p>\n<p>&nbsp;<\/p>\n<h4>Pourquoi traitons-nous vos donn\u00e9es ?<\/h4>\n<p>Notre priorit\u00e9 absolue est la s\u00e9curit\u00e9 des donn\u00e9es des clients et, \u00e0 ce titre, nous ne pouvons traiter que des donn\u00e9es minimales sur les utilisateurs, uniquement dans la mesure o\u00f9 cela est absolument n\u00e9cessaire pour maintenir le site web. Les informations collect\u00e9es automatiquement sont utilis\u00e9es uniquement pour identifier les cas potentiels d&rsquo;abus et \u00e9tablir des informations statistiques concernant l&rsquo;utilisation du site web. Ces informations statistiques ne sont pas autrement agr\u00e9g\u00e9es de mani\u00e8re \u00e0 identifier un utilisateur particulier du syst\u00e8me.<\/p>\n<p>Vous pouvez visiter le site web sans nous dire qui vous \u00eates ni r\u00e9v\u00e9ler d&rsquo;informations, par lesquelles quelqu&rsquo;un pourrait vous identifier comme un individu sp\u00e9cifique et identifiable. Toutefois, si vous souhaitez utiliser certaines fonctionnalit\u00e9s du site web, ou si vous souhaitez recevoir notre lettre d&rsquo;information ou fournir d&rsquo;autres d\u00e9tails en remplissant un formulaire, vous pouvez nous fournir des donn\u00e9es personnelles, telles que votre e-mail, votre pr\u00e9nom, votre nom, votre ville de r\u00e9sidence, votre organisation, votre num\u00e9ro de t\u00e9l\u00e9phone. Vous pouvez choisir de ne pas nous fournir vos donn\u00e9es personnelles, mais il se peut alors que vous ne puissiez pas profiter de certaines fonctionnalit\u00e9s du site web. Par exemple, vous ne pourrez pas recevoir notre bulletin d&rsquo;information ou nous contacter directement \u00e0 partir du site web. Les utilisateurs qui ne savent pas quelles informations sont obligatoires sont invit\u00e9s \u00e0 nous contacter via <a href=\"mailto:contact@mediaboss.fr\">contact@mediaboss.fr<\/a>.<\/p>\n<p>&nbsp;<\/p>\n<h4>Vos droits :<\/h4>\n<p>Si vous \u00eates un r\u00e9sident europ\u00e9en, vous disposez des droits suivants li\u00e9s \u00e0 vos donn\u00e9es personnelles :<\/p>\n<ul>\n<li>Le droit d&rsquo;\u00eatre inform\u00e9.<\/li>\n<li>Le droit d&rsquo;acc\u00e8s.<\/li>\n<li>Le droit de rectification.<\/li>\n<li>Le droit \u00e0 l&rsquo;effacement.<\/li>\n<li>Le droit de restreindre le traitement.<\/li>\n<li>Le droit \u00e0 la portabilit\u00e9 des donn\u00e9es.<\/li>\n<li>Le droit d&rsquo;opposition.<\/li>\n<li>Les droits relatifs \u00e0 la prise de d\u00e9cision automatis\u00e9e et au profilage.<\/li>\n<\/ul>\n<p>Si vous souhaitez exercer ce droit, veuillez nous contacter via les coordonn\u00e9es ci-dessous.<\/p>\n<p>En outre, si vous \u00eates un r\u00e9sident europ\u00e9en, nous notons que nous traitons vos informations afin d&rsquo;ex\u00e9cuter les contrats que nous pourrions avoir avec vous (par exemple, si vous passez une commande par le biais du site), ou autrement pour poursuivre nos int\u00e9r\u00eats commerciaux l\u00e9gitimes \u00e9num\u00e9r\u00e9s ci-dessus. En outre, veuillez noter que vos informations pourraient \u00eatre transf\u00e9r\u00e9es en dehors de l&rsquo;Europe, y compris au Canada et aux \u00c9tats-Unis.<\/p>\n<p>&nbsp;<\/p>\n<h4>Liens vers d&rsquo;autres sites web :<\/h4>\n<p>Notre site web peut contenir des liens vers d&rsquo;autres sites web qui ne sont pas d\u00e9tenus ou contr\u00f4l\u00e9s par nous. Sachez que nous ne sommes pas responsables de ces autres sites web ou des pratiques de confidentialit\u00e9 des tiers. Nous vous encourageons \u00e0 \u00eatre attentif lorsque vous quittez notre site web et \u00e0 lire les d\u00e9clarations de confidentialit\u00e9 de chaque site web susceptible de collecter des informations personnelles.<\/p>\n<p>&nbsp;<\/p>\n<h4>S\u00e9curit\u00e9 de l&rsquo;information :<\/h4>\n<p>Nous s\u00e9curisons les informations que vous fournissez sur des serveurs informatiques dans un environnement contr\u00f4l\u00e9 et s\u00e9curis\u00e9, prot\u00e9g\u00e9 contre tout acc\u00e8s, utilisation ou divulgation non autoris\u00e9s. Nous conservons des garanties administratives, techniques et physiques raisonnables pour nous prot\u00e9ger contre tout acc\u00e8s, utilisation, modification et divulgation non autoris\u00e9s des donn\u00e9es personnelles sous son contr\u00f4le et sa garde. Toutefois, aucune transmission de donn\u00e9es sur Internet ou sur un r\u00e9seau sans fil ne peut \u00eatre garantie.<\/p>\n<p>&nbsp;<\/p>\n<h4>Divulgation l\u00e9gale :<\/h4>\n<p>Nous divulguerons toute information que nous collectons, utilisons ou recevons si la loi l&rsquo;exige ou l&rsquo;autorise, par exemple pour nous conformer \u00e0 une citation \u00e0 compara\u00eetre ou \u00e0 une proc\u00e9dure judiciaire similaire, et lorsque nous pensons de bonne foi que la divulgation est n\u00e9cessaire pour prot\u00e9ger nos droits, votre s\u00e9curit\u00e9 ou celle d&rsquo;autrui, enqu\u00eater sur une fraude ou r\u00e9pondre \u00e0 une demande du gouvernement.<\/p>\n<p>&nbsp;<\/p>\n<h4>Informations de contact :<\/h4>\n<p>Si vous souhaitez nous contacter pour comprendre davantage la pr\u00e9sente politique ou si vous souhaitez nous contacter concernant toute question relative aux droits individuels et \u00e0 vos informations personnelles, vous pouvez envoyer un courriel \u00e0 <a href=\"mailto:contact@mediaboss.fr\">contact@mediaboss.fr<\/a><\/p>\n<p>[\/et_pb_text][\/et_pb_column][et_pb_column type=\u00a0\u00bb1_4&Prime; _builder_version=\u00a0\u00bb4.16&Prime; _module_preset=\u00a0\u00bbdefault\u00a0\u00bb global_colors_info=\u00a0\u00bb{}\u00a0\u00bb][et_pb_sidebar _builder_version=\u00a0\u00bb4.16&Prime; _module_preset=\u00a0\u00bbdefault\u00a0\u00bb global_colors_info=\u00a0\u00bb{}\u00a0\u00bb][\/et_pb_sidebar][\/et_pb_column][\/et_pb_row][\/et_pb_section]<\/p>\n<div style=\"margin-top: 0px; margin-bottom: 0px;\" class=\"sharethis-inline-share-buttons\" ><\/div>","protected":false},"excerpt":{"rendered":"<p>Politique de Confidentialit\u00e9 Publicit\u00e9 programmatique Mediavine (Ver 1.1) Le site Web travaille avec Mediavine pour g\u00e9rer la publicit\u00e9 bas\u00e9e sur les int\u00e9r\u00eats de tiers apparaissant sur le site Web. Mediavine diffuse du contenu et des publicit\u00e9s lorsque vous visitez le site Web, qui peuvent utiliser des cookies primaires et tiers. Un cookie est un petit [&hellip;]<\/p>\n","protected":false},"author":2,"featured_media":0,"parent":0,"menu_order":1,"comment_status":"closed","ping_status":"closed","template":"","meta":{"_seopress_robots_primary_cat":"","_seopress_titles_title":"Politique de Confidentialit\u00e9 - Mediaboss","_seopress_titles_desc":"Lisez la Politique de Confidentialit\u00e9 de Mediaboss","_seopress_robots_index":"yes","_et_pb_use_builder":"on","_et_pb_old_content":"<!-- wp:heading --><h2>Who we are<\/h2><!-- \/wp:heading --><!-- wp:paragraph --><p><strong class=\"privacy-policy-tutorial\">Suggested text: <\/strong>Our website address is: https:\/\/mediaboss.fr.<\/p><!-- \/wp:paragraph --><!-- wp:heading --><h2>Comments<\/h2><!-- \/wp:heading --><!-- wp:paragraph --><p><strong class=\"privacy-policy-tutorial\">Suggested text: <\/strong>When visitors leave comments on the site we collect the data shown in the comments form, and also the visitor&#8217;s IP address and browser user agent string to help spam detection.<\/p><!-- \/wp:paragraph --><!-- wp:paragraph --><p>An anonymized string created from your email address (also called a hash) may be provided to the Gravatar service to see if you are using it. The Gravatar service privacy policy is available here: https:\/\/automattic.com\/privacy\/. After approval of your comment, your profile picture is visible to the public in the context of your comment.<\/p><!-- \/wp:paragraph --><!-- wp:heading --><h2>Media<\/h2><!-- \/wp:heading --><!-- wp:paragraph --><p><strong class=\"privacy-policy-tutorial\">Suggested text: <\/strong>If you upload images to the website, you should avoid uploading images with embedded location data (EXIF GPS) included. Visitors to the website can download and extract any location data from images on the website.<\/p><!-- \/wp:paragraph --><!-- wp:heading --><h2>Cookies<\/h2><!-- \/wp:heading --><!-- wp:paragraph --><p><strong class=\"privacy-policy-tutorial\">Suggested text: <\/strong>If you leave a comment on our site you may opt-in to saving your name, email address and website in cookies. These are for your convenience so that you do not have to fill in your details again when you leave another comment. These cookies will last for one year.<\/p><!-- \/wp:paragraph --><!-- wp:paragraph --><p>If you visit our login page, we will set a temporary cookie to determine if your browser accepts cookies. This cookie contains no personal data and is discarded when you close your browser.<\/p><!-- \/wp:paragraph --><!-- wp:paragraph --><p>When you log in, we will also set up several cookies to save your login information and your screen display choices. Login cookies last for two days, and screen options cookies last for a year. If you select &quot;Remember Me&quot;, your login will persist for two weeks. If you log out of your account, the login cookies will be removed.<\/p><!-- \/wp:paragraph --><!-- wp:paragraph --><p>If you edit or publish an article, an additional cookie will be saved in your browser. This cookie includes no personal data and simply indicates the post ID of the article you just edited. It expires after 1 day.<\/p><!-- \/wp:paragraph --><!-- wp:heading --><h2>Embedded content from other websites<\/h2><!-- \/wp:heading --><!-- wp:paragraph --><p><strong class=\"privacy-policy-tutorial\">Suggested text: <\/strong>Articles on this site may include embedded content (e.g. videos, images, articles, etc.). Embedded content from other websites behaves in the exact same way as if the visitor has visited the other website.<\/p><!-- \/wp:paragraph --><!-- wp:paragraph --><p>These websites may collect data about you, use cookies, embed additional third-party tracking, and monitor your interaction with that embedded content, including tracking your interaction with the embedded content if you have an account and are logged in to that website.<\/p><!-- \/wp:paragraph --><!-- wp:heading --><h2>Who we share your data with<\/h2><!-- \/wp:heading --><!-- wp:paragraph --><p><strong class=\"privacy-policy-tutorial\">Suggested text: <\/strong>If you request a password reset, your IP address will be included in the reset email.<\/p><!-- \/wp:paragraph --><!-- wp:heading --><h2>How long we retain your data<\/h2><!-- \/wp:heading --><!-- wp:paragraph --><p><strong class=\"privacy-policy-tutorial\">Suggested text: <\/strong>If you leave a comment, the comment and its metadata are retained indefinitely. This is so we can recognize and approve any follow-up comments automatically instead of holding them in a moderation queue.<\/p><!-- \/wp:paragraph --><!-- wp:paragraph --><p>For users that register on our website (if any), we also store the personal information they provide in their user profile. All users can see, edit, or delete their personal information at any time (except they cannot change their username). Website administrators can also see and edit that information.<\/p><!-- \/wp:paragraph --><!-- wp:heading --><h2>What rights you have over your data<\/h2><!-- \/wp:heading --><!-- wp:paragraph --><p><strong class=\"privacy-policy-tutorial\">Suggested text: <\/strong>If you have an account on this site, or have left comments, you can request to receive an exported file of the personal data we hold about you, including any data you have provided to us. You can also request that we erase any personal data we hold about you. This does not include any data we are obliged to keep for administrative, legal, or security purposes.<\/p><!-- \/wp:paragraph --><!-- wp:heading --><h2>Where we send your data<\/h2><!-- \/wp:heading --><!-- wp:paragraph --><p><strong class=\"privacy-policy-tutorial\">Suggested text: <\/strong>Visitor comments may be checked through an automated spam detection service.<\/p><!-- \/wp:paragraph -->","_et_gb_content_width":"","footnotes":""},"class_list":["post-3","page","type-page","status-publish","hentry"],"_links":{"self":[{"href":"https:\/\/mediaboss.fr\/ja\/wp-json\/wp\/v2\/pages\/3","targetHints":{"allow":["GET"]}}],"collection":[{"href":"https:\/\/mediaboss.fr\/ja\/wp-json\/wp\/v2\/pages"}],"about":[{"href":"https:\/\/mediaboss.fr\/ja\/wp-json\/wp\/v2\/types\/page"}],"author":[{"embeddable":true,"href":"https:\/\/mediaboss.fr\/ja\/wp-json\/wp\/v2\/users\/2"}],"replies":[{"embeddable":true,"href":"https:\/\/mediaboss.fr\/ja\/wp-json\/wp\/v2\/comments?post=3"}],"version-history":[{"count":0,"href":"https:\/\/mediaboss.fr\/ja\/wp-json\/wp\/v2\/pages\/3\/revisions"}],"wp:attachment":[{"href":"https:\/\/mediaboss.fr\/ja\/wp-json\/wp\/v2\/media?parent=3"}],"curies":[{"name":"wp","href":"https:\/\/api.w.org\/{rel}","templated":true}]}}